{"id":216,"date":"2023-02-25T18:33:55","date_gmt":"2023-02-25T17:33:55","guid":{"rendered":"https:\/\/mittelalter.kaleidoskopia.org\/?page_id=15"},"modified":"2024-07-20T22:34:15","modified_gmt":"2024-07-20T20:34:15","slug":"hoeret-hoeret-2","status":"publish","type":"page","link":"https:\/\/www.mittelalter-siersburg.de\/","title":{"rendered":"H\u00f6ret, h\u00f6ret&#8230;"},"content":{"rendered":"\n<div class=\"wp-block-columns is-not-stacked-on-mobile is-layout-flex wp-container-core-columns-is-layout-28f84493 wp-block-columns-is-layout-flex\">\n<div class=\"wp-block-column has-large-font-size is-layout-flow wp-block-column-is-layout-flow\" style=\"flex-basis:66.66%\">\n<p>Item zu Theodoricus Anno Domini MMXXIV.<\/p>\n\n\n\n<p>Im Namen der Herz\u00f6ge Lotharingiens erlaubt sich Marktvogtin Gwendolyn Godiva das Programm des diesj\u00e4hrigen Mittelalterspektakulums zur Burg Siersberg zu verk\u00fcnden. Frohlocket, wenn die bunte Schar von Kr\u00e4mern und Gauklern auff\u00e4hrt, um das Volk zu belustigen.<\/p>\n<\/div>\n\n\n\n<div class=\"wp-block-column is-layout-flow wp-block-column-is-layout-flow\" style=\"flex-basis:33.33%\">\n<figure class=\"wp-block-image size-full\"><img decoding=\"async\" src=\"https:\/\/www.mittelalter-siersburg.de\/wp-content\/uploads\/2023\/02\/Bunny_2.png\" alt=\"\" class=\"wp-image-16\"\/><\/figure>\n<\/div>\n<\/div>\n\n\n\n<div style=\"height:50px\" aria-hidden=\"true\" class=\"wp-block-spacer\"><\/div>\n\n\n\n<hr class=\"wp-block-separator has-alpha-channel-opacity is-style-wide\"\/>\n\n\n\n<div style=\"height:50px\" aria-hidden=\"true\" class=\"wp-block-spacer\"><\/div>\n\n\n\n<div class=\"wp-block-columns is-layout-flex wp-container-core-columns-is-layout-28f84493 wp-block-columns-is-layout-flex\">\n<div class=\"wp-block-column is-layout-flow wp-block-column-is-layout-flow\">\n<figure class=\"wp-block-image aligncenter size-large\"><a href=\"https:\/\/www.mittelalter-siersburg.de\/?page_id=89\"><img loading=\"lazy\" decoding=\"async\" width=\"1024\" height=\"1024\" src=\"https:\/\/www.mittelalter-siersburg.de\/wp-content\/uploads\/2024\/07\/Dudelsackteufel-e1719849677875-1024x1024.png\" alt=\"\" class=\"wp-image-313\" srcset=\"https:\/\/www.mittelalter-siersburg.de\/wp-content\/uploads\/2024\/07\/Dudelsackteufel-e1719849677875-1024x1024.png 1024w, https:\/\/www.mittelalter-siersburg.de\/wp-content\/uploads\/2024\/07\/Dudelsackteufel-e1719849677875-300x300.png 300w, https:\/\/www.mittelalter-siersburg.de\/wp-content\/uploads\/2024\/07\/Dudelsackteufel-e1719849677875-150x150.png 150w, https:\/\/www.mittelalter-siersburg.de\/wp-content\/uploads\/2024\/07\/Dudelsackteufel-e1719849677875-768x768.png 768w, https:\/\/www.mittelalter-siersburg.de\/wp-content\/uploads\/2024\/07\/Dudelsackteufel-e1719849677875-1536x1536.png 1536w, https:\/\/www.mittelalter-siersburg.de\/wp-content\/uploads\/2024\/07\/Dudelsackteufel-e1719849677875.png 2000w\" sizes=\"auto, (max-width: 1024px) 100vw, 1024px\" \/><\/a><figcaption class=\"wp-element-caption\">Celtic Folk Night<\/figcaption><\/figure>\n<\/div>\n\n\n\n<div class=\"wp-block-column is-layout-flow wp-block-column-is-layout-flow\">\n<figure class=\"wp-block-image aligncenter size-large\"><a href=\"https:\/\/www.mittelalter-siersburg.de\/?page_id=70\"><img loading=\"lazy\" decoding=\"async\" width=\"1024\" height=\"1024\" src=\"https:\/\/www.mittelalter-siersburg.de\/wp-content\/uploads\/2023\/06\/Trunkenbolde_2-1024x1024.png\" alt=\"\" class=\"wp-image-145\" srcset=\"https:\/\/www.mittelalter-siersburg.de\/wp-content\/uploads\/2023\/06\/Trunkenbolde_2-1024x1024.png 1024w, https:\/\/www.mittelalter-siersburg.de\/wp-content\/uploads\/2023\/06\/Trunkenbolde_2-300x300.png 300w, https:\/\/www.mittelalter-siersburg.de\/wp-content\/uploads\/2023\/06\/Trunkenbolde_2-150x150.png 150w, https:\/\/www.mittelalter-siersburg.de\/wp-content\/uploads\/2023\/06\/Trunkenbolde_2-768x768.png 768w, https:\/\/www.mittelalter-siersburg.de\/wp-content\/uploads\/2023\/06\/Trunkenbolde_2-1536x1536.png 1536w, https:\/\/www.mittelalter-siersburg.de\/wp-content\/uploads\/2023\/06\/Trunkenbolde_2.png 2000w\" sizes=\"auto, (max-width: 1024px) 100vw, 1024px\" \/><\/a><figcaption class=\"wp-element-caption\">Handelsvolk &amp; Buckelkr\u00e4mer<\/figcaption><\/figure>\n<\/div>\n\n\n\n<div class=\"wp-block-column is-layout-flow wp-block-column-is-layout-flow\">\n<figure class=\"wp-block-image aligncenter size-large\"><a href=\"https:\/\/www.mittelalter-siersburg.de\/?page_id=74\"><img loading=\"lazy\" decoding=\"async\" width=\"1024\" height=\"1024\" src=\"https:\/\/www.mittelalter-siersburg.de\/wp-content\/uploads\/2024\/07\/Geigenloewe-1024x1024.png\" alt=\"\" class=\"wp-image-314\" srcset=\"https:\/\/www.mittelalter-siersburg.de\/wp-content\/uploads\/2024\/07\/Geigenloewe-1024x1024.png 1024w, https:\/\/www.mittelalter-siersburg.de\/wp-content\/uploads\/2024\/07\/Geigenloewe-300x300.png 300w, https:\/\/www.mittelalter-siersburg.de\/wp-content\/uploads\/2024\/07\/Geigenloewe-150x150.png 150w, https:\/\/www.mittelalter-siersburg.de\/wp-content\/uploads\/2024\/07\/Geigenloewe-768x768.png 768w, https:\/\/www.mittelalter-siersburg.de\/wp-content\/uploads\/2024\/07\/Geigenloewe-1536x1536.png 1536w, https:\/\/www.mittelalter-siersburg.de\/wp-content\/uploads\/2024\/07\/Geigenloewe.png 2000w\" sizes=\"auto, (max-width: 1024px) 100vw, 1024px\" \/><\/a><figcaption class=\"wp-element-caption\">Kl\u00e4nge &amp; Ges\u00e4nge<\/figcaption><\/figure>\n<\/div>\n<\/div>\n\n\n\n<div class=\"wp-block-columns is-layout-flex wp-container-core-columns-is-layout-28f84493 wp-block-columns-is-layout-flex\">\n<div class=\"wp-block-column is-layout-flow wp-block-column-is-layout-flow\">\n<figure class=\"wp-block-image aligncenter size-large\"><a href=\"https:\/\/www.mittelalter-siersburg.de\/?page_id=72\"><img loading=\"lazy\" decoding=\"async\" width=\"1024\" height=\"1024\" src=\"https:\/\/www.mittelalter-siersburg.de\/wp-content\/uploads\/2023\/06\/Kochen-1024x1024.png\" alt=\"\" class=\"wp-image-139\" srcset=\"https:\/\/www.mittelalter-siersburg.de\/wp-content\/uploads\/2023\/06\/Kochen-1024x1024.png 1024w, https:\/\/www.mittelalter-siersburg.de\/wp-content\/uploads\/2023\/06\/Kochen-300x300.png 300w, https:\/\/www.mittelalter-siersburg.de\/wp-content\/uploads\/2023\/06\/Kochen-150x150.png 150w, https:\/\/www.mittelalter-siersburg.de\/wp-content\/uploads\/2023\/06\/Kochen-768x768.png 768w, https:\/\/www.mittelalter-siersburg.de\/wp-content\/uploads\/2023\/06\/Kochen-1536x1536.png 1536w, https:\/\/www.mittelalter-siersburg.de\/wp-content\/uploads\/2023\/06\/Kochen.png 2000w\" sizes=\"auto, (max-width: 1024px) 100vw, 1024px\" \/><\/a><figcaption class=\"wp-element-caption\">Speis &amp; Trank<\/figcaption><\/figure>\n<\/div>\n\n\n\n<div class=\"wp-block-column is-layout-flow wp-block-column-is-layout-flow\">\n<figure class=\"wp-block-image aligncenter size-large\"><a href=\"https:\/\/www.mittelalter-siersburg.de\/?page_id=76\"><img loading=\"lazy\" decoding=\"async\" width=\"1024\" height=\"1024\" src=\"https:\/\/www.mittelalter-siersburg.de\/wp-content\/uploads\/2023\/06\/Pupstrompete_2-1024x1024.png\" alt=\"\" class=\"wp-image-143\" srcset=\"https:\/\/www.mittelalter-siersburg.de\/wp-content\/uploads\/2023\/06\/Pupstrompete_2-1024x1024.png 1024w, https:\/\/www.mittelalter-siersburg.de\/wp-content\/uploads\/2023\/06\/Pupstrompete_2-300x300.png 300w, https:\/\/www.mittelalter-siersburg.de\/wp-content\/uploads\/2023\/06\/Pupstrompete_2-150x150.png 150w, https:\/\/www.mittelalter-siersburg.de\/wp-content\/uploads\/2023\/06\/Pupstrompete_2-768x768.png 768w, https:\/\/www.mittelalter-siersburg.de\/wp-content\/uploads\/2023\/06\/Pupstrompete_2-1536x1536.png 1536w, https:\/\/www.mittelalter-siersburg.de\/wp-content\/uploads\/2023\/06\/Pupstrompete_2.png 2000w\" sizes=\"auto, (max-width: 1024px) 100vw, 1024px\" \/><\/a><figcaption class=\"wp-element-caption\">Gaukeley &amp; Firlefanz<\/figcaption><\/figure>\n<\/div>\n\n\n\n<div class=\"wp-block-column is-layout-flow wp-block-column-is-layout-flow\">\n<figure class=\"wp-block-image aligncenter size-large\"><a href=\"https:\/\/www.mittelalter-siersburg.de\/?page_id=78\"><img loading=\"lazy\" decoding=\"async\" width=\"1024\" height=\"1024\" src=\"https:\/\/www.mittelalter-siersburg.de\/wp-content\/uploads\/2024\/07\/Kungfu_Ritter_24-1024x1024.png\" alt=\"\" class=\"wp-image-288\" srcset=\"https:\/\/www.mittelalter-siersburg.de\/wp-content\/uploads\/2024\/07\/Kungfu_Ritter_24-1024x1024.png 1024w, https:\/\/www.mittelalter-siersburg.de\/wp-content\/uploads\/2024\/07\/Kungfu_Ritter_24-300x300.png 300w, https:\/\/www.mittelalter-siersburg.de\/wp-content\/uploads\/2024\/07\/Kungfu_Ritter_24-150x150.png 150w, https:\/\/www.mittelalter-siersburg.de\/wp-content\/uploads\/2024\/07\/Kungfu_Ritter_24-768x768.png 768w, https:\/\/www.mittelalter-siersburg.de\/wp-content\/uploads\/2024\/07\/Kungfu_Ritter_24-1536x1536.png 1536w, https:\/\/www.mittelalter-siersburg.de\/wp-content\/uploads\/2024\/07\/Kungfu_Ritter_24.png 2000w\" sizes=\"auto, (max-width: 1024px) 100vw, 1024px\" \/><\/a><figcaption class=\"wp-element-caption\">Lagerleut<\/figcaption><\/figure>\n<\/div>\n<\/div>\n\n\n\n<div style=\"height:50px\" aria-hidden=\"true\" class=\"wp-block-spacer\"><\/div>\n\n\n\n<div class=\"wp-block-file aligncenter\"><a href=\"https:\/\/www.mittelalter-siersburg.de\/wp-content\/uploads\/2024\/07\/Mittelalterspektakel-Siersburg-Flyer-20.07.2024.pdf\" class=\"wp-block-file__button wp-element-button\" download><strong>Flyer Mittelaltermarkt (Stand 2<\/strong>0<strong>.07.24)<\/strong><\/a><\/div>\n","protected":false},"excerpt":{"rendered":"<p>Item zu Theodoricus Anno Domini MMXXIV. Im Namen der Herz\u00f6ge Lotharingiens erlaubt sich Marktvogtin Gwendolyn Godiva das Programm des diesj\u00e4hrigen Mittelalterspektakulums zur Burg Siersberg zu verk\u00fcnden. Frohlocket, wenn die bunte Schar von Kr\u00e4mern und Gauklern auff\u00e4hrt, um das Volk zu belustigen.<\/p>\n","protected":false},"author":1,"featured_media":0,"parent":0,"menu_order":0,"comment_status":"closed","ping_status":"closed","template":"","meta":{"footnotes":""},"class_list":["post-216","page","type-page","status-publish","hentry"],"_links":{"self":[{"href":"https:\/\/www.mittelalter-siersburg.de\/index.php?rest_route=\/wp\/v2\/pages\/216","targetHints":{"allow":["GET"]}}],"collection":[{"href":"https:\/\/www.mittelalter-siersburg.de\/index.php?rest_route=\/wp\/v2\/pages"}],"about":[{"href":"https:\/\/www.mittelalter-siersburg.de\/index.php?rest_route=\/wp\/v2\/types\/page"}],"author":[{"embeddable":true,"href":"https:\/\/www.mittelalter-siersburg.de\/index.php?rest_route=\/wp\/v2\/users\/1"}],"replies":[{"embeddable":true,"href":"https:\/\/www.mittelalter-siersburg.de\/index.php?rest_route=%2Fwp%2Fv2%2Fcomments&post=216"}],"version-history":[{"count":14,"href":"https:\/\/www.mittelalter-siersburg.de\/index.php?rest_route=\/wp\/v2\/pages\/216\/revisions"}],"predecessor-version":[{"id":364,"href":"https:\/\/www.mittelalter-siersburg.de\/index.php?rest_route=\/wp\/v2\/pages\/216\/revisions\/364"}],"wp:attachment":[{"href":"https:\/\/www.mittelalter-siersburg.de\/index.php?rest_route=%2Fwp%2Fv2%2Fmedia&parent=216"}],"curies":[{"name":"wp","href":"https:\/\/api.w.org\/{rel}","templated":true}]}}