{"id":305,"date":"2024-07-01T17:48:26","date_gmt":"2024-07-01T15:48:26","guid":{"rendered":"https:\/\/www.mittelalter-siersburg.de\/?page_id=305"},"modified":"2024-07-01T18:11:10","modified_gmt":"2024-07-01T16:11:10","slug":"familienprogramm","status":"publish","type":"page","link":"https:\/\/www.mittelalter-siersburg.de\/?page_id=305","title":{"rendered":"Familienprogramm"},"content":{"rendered":"\n<div class=\"wp-block-columns is-layout-flex wp-container-core-columns-is-layout-28f84493 wp-block-columns-is-layout-flex\">\n<div class=\"wp-block-column is-layout-flow wp-block-column-is-layout-flow\" style=\"flex-basis:66.66%\">\n<p style=\"font-size:clamp(1.092rem, 1.092rem + ((1vw - 0.2rem) * 1.105), 1.7rem);\">Ob Prinz, Prinzessin, Knappe oder Schildmaid, die Marktvogtin bietet f\u00fcr alle etwas!<\/p>\n\n\n\n<p style=\"font-size:clamp(1.092rem, 1.092rem + ((1vw - 0.2rem) * 1.105), 1.7rem);\">Das kleine Volk mag sich belustigen bei den schr\u00e4gen <strong>Gaukeleyen von Micha Mangiafuco (Sa 12:30 ; 14:30 ; 20:00 | So 12:00 ; 14:30 ; 16:30)<\/strong> und verzaubern lassen von den wahnwitzigen K\u00fcnsten des <strong>Magiers Kalibo (Sa 13:30 ; 15:30 ; 17:30 | So 13:30 ; 15:30)<\/strong>.<\/p>\n<\/div>\n\n\n\n<div class=\"wp-block-column is-layout-flow wp-block-column-is-layout-flow\" style=\"flex-basis:33.33%\">\n<figure class=\"wp-block-image size-large\"><img loading=\"lazy\" decoding=\"async\" width=\"1024\" height=\"1024\" src=\"https:\/\/www.mittelalter-siersburg.de\/wp-content\/uploads\/2024\/07\/Geigenloewe-1024x1024.png\" alt=\"\" class=\"wp-image-314\" srcset=\"https:\/\/www.mittelalter-siersburg.de\/wp-content\/uploads\/2024\/07\/Geigenloewe-1024x1024.png 1024w, https:\/\/www.mittelalter-siersburg.de\/wp-content\/uploads\/2024\/07\/Geigenloewe-300x300.png 300w, https:\/\/www.mittelalter-siersburg.de\/wp-content\/uploads\/2024\/07\/Geigenloewe-150x150.png 150w, https:\/\/www.mittelalter-siersburg.de\/wp-content\/uploads\/2024\/07\/Geigenloewe-768x768.png 768w, https:\/\/www.mittelalter-siersburg.de\/wp-content\/uploads\/2024\/07\/Geigenloewe-1536x1536.png 1536w, https:\/\/www.mittelalter-siersburg.de\/wp-content\/uploads\/2024\/07\/Geigenloewe.png 2000w\" sizes=\"auto, (max-width: 1024px) 100vw, 1024px\" \/><\/figure>\n<\/div>\n<\/div>\n\n\n\n<div class=\"wp-block-columns is-layout-flex wp-container-core-columns-is-layout-28f84493 wp-block-columns-is-layout-flex\">\n<div class=\"wp-block-column is-layout-flow wp-block-column-is-layout-flow\" style=\"flex-basis:33.33%\">\n<figure class=\"wp-block-image size-large\"><img loading=\"lazy\" decoding=\"async\" width=\"1024\" height=\"1024\" src=\"https:\/\/www.mittelalter-siersburg.de\/wp-content\/uploads\/2024\/07\/Katzentrommler-1024x1024.png\" alt=\"\" class=\"wp-image-315\" srcset=\"https:\/\/www.mittelalter-siersburg.de\/wp-content\/uploads\/2024\/07\/Katzentrommler-1024x1024.png 1024w, https:\/\/www.mittelalter-siersburg.de\/wp-content\/uploads\/2024\/07\/Katzentrommler-300x300.png 300w, https:\/\/www.mittelalter-siersburg.de\/wp-content\/uploads\/2024\/07\/Katzentrommler-150x150.png 150w, https:\/\/www.mittelalter-siersburg.de\/wp-content\/uploads\/2024\/07\/Katzentrommler-768x768.png 768w, https:\/\/www.mittelalter-siersburg.de\/wp-content\/uploads\/2024\/07\/Katzentrommler-1536x1536.png 1536w, https:\/\/www.mittelalter-siersburg.de\/wp-content\/uploads\/2024\/07\/Katzentrommler.png 2000w\" sizes=\"auto, (max-width: 1024px) 100vw, 1024px\" \/><\/figure>\n<\/div>\n\n\n\n<div class=\"wp-block-column is-layout-flow wp-block-column-is-layout-flow\" style=\"flex-basis:66.66%\">\n<p style=\"font-size:clamp(1.092rem, 1.092rem + ((1vw - 0.2rem) * 1.105), 1.7rem);\">Auch die sch\u00f6nen Maiden von <strong>Anima Serpentis<\/strong> laden die jungen Besucher zum Tanze ein <strong>(Sa 14:00 ; 16:30 ; 22:30 | So 12:30 ; 14:00 ; 16:00 ; 19:00)<\/strong>.<\/p>\n\n\n\n<p style=\"font-size:clamp(1.092rem, 1.092rem + ((1vw - 0.2rem) * 1.105), 1.7rem);\">doch wem das nicht reicht, der mag auf dem Markt schlendern und allerlei Sonderlichkeiten entdecken. Die kleinen Kobolde m\u00f6gen ihr Gl\u00fcck am Edelsteingl\u00fccksrad des <strong>Sachenmachers <\/strong>versuchen oder mit diesem Kerzen ziehen.<\/p>\n<\/div>\n<\/div>\n\n\n\n<div class=\"wp-block-columns is-layout-flex wp-container-core-columns-is-layout-28f84493 wp-block-columns-is-layout-flex\">\n<div class=\"wp-block-column is-layout-flow wp-block-column-is-layout-flow\" style=\"flex-basis:66.66%\">\n<p style=\"font-size:clamp(1.092rem, 1.092rem + ((1vw - 0.2rem) * 1.105), 1.7rem);\">F\u00fcr Zwerginnen und Zwerge gibt es jedoch nur ein Handwerk! Das Schmieden kann bei der Messerschmiede erlernt werden und wer wei\u00df, vielleicht sucht der Schmied noch nach einem Lehrm\u00e4dchen oder  Lehrjungen? <\/p>\n\n\n\n<p style=\"font-size:clamp(1.092rem, 1.092rem + ((1vw - 0.2rem) * 1.105), 1.7rem);\">Wer sich jedoch in einen furchterregenden Drachen oder einen filigranen Schmetterling verwandeln m\u00f6chte, sollte zur Zaubermalerin von Musik &amp; Spielerey gehen.<\/p>\n<\/div>\n\n\n\n<div class=\"wp-block-column is-layout-flow wp-block-column-is-layout-flow\" style=\"flex-basis:33.33%\">\n<figure class=\"wp-block-image size-large\"><img loading=\"lazy\" decoding=\"async\" width=\"1024\" height=\"1024\" src=\"https:\/\/www.mittelalter-siersburg.de\/wp-content\/uploads\/2024\/07\/Dudelsackteufel-e1719849677875-1024x1024.png\" alt=\"\" class=\"wp-image-313\" srcset=\"https:\/\/www.mittelalter-siersburg.de\/wp-content\/uploads\/2024\/07\/Dudelsackteufel-e1719849677875-1024x1024.png 1024w, https:\/\/www.mittelalter-siersburg.de\/wp-content\/uploads\/2024\/07\/Dudelsackteufel-e1719849677875-300x300.png 300w, https:\/\/www.mittelalter-siersburg.de\/wp-content\/uploads\/2024\/07\/Dudelsackteufel-e1719849677875-150x150.png 150w, https:\/\/www.mittelalter-siersburg.de\/wp-content\/uploads\/2024\/07\/Dudelsackteufel-e1719849677875-768x768.png 768w, https:\/\/www.mittelalter-siersburg.de\/wp-content\/uploads\/2024\/07\/Dudelsackteufel-e1719849677875-1536x1536.png 1536w, https:\/\/www.mittelalter-siersburg.de\/wp-content\/uploads\/2024\/07\/Dudelsackteufel-e1719849677875.png 2000w\" sizes=\"auto, (max-width: 1024px) 100vw, 1024px\" \/><\/figure>\n<\/div>\n<\/div>\n\n\n\n<div class=\"wp-block-columns is-layout-flex wp-container-core-columns-is-layout-28f84493 wp-block-columns-is-layout-flex\">\n<div class=\"wp-block-column is-layout-flow wp-block-column-is-layout-flow\" style=\"flex-basis:33.33%\">\n<figure class=\"wp-block-image size-large is-resized\"><img loading=\"lazy\" decoding=\"async\" width=\"1024\" height=\"1024\" src=\"https:\/\/www.mittelalter-siersburg.de\/wp-content\/uploads\/2024\/07\/Kungfu_Ritter_24-1024x1024.png\" alt=\"\" class=\"wp-image-288\" style=\"aspect-ratio:1;width:209px;height:auto\" srcset=\"https:\/\/www.mittelalter-siersburg.de\/wp-content\/uploads\/2024\/07\/Kungfu_Ritter_24-1024x1024.png 1024w, https:\/\/www.mittelalter-siersburg.de\/wp-content\/uploads\/2024\/07\/Kungfu_Ritter_24-300x300.png 300w, https:\/\/www.mittelalter-siersburg.de\/wp-content\/uploads\/2024\/07\/Kungfu_Ritter_24-150x150.png 150w, https:\/\/www.mittelalter-siersburg.de\/wp-content\/uploads\/2024\/07\/Kungfu_Ritter_24-768x768.png 768w, https:\/\/www.mittelalter-siersburg.de\/wp-content\/uploads\/2024\/07\/Kungfu_Ritter_24-1536x1536.png 1536w, https:\/\/www.mittelalter-siersburg.de\/wp-content\/uploads\/2024\/07\/Kungfu_Ritter_24.png 2000w\" sizes=\"auto, (max-width: 1024px) 100vw, 1024px\" \/><\/figure>\n<\/div>\n\n\n\n<div class=\"wp-block-column is-layout-flow wp-block-column-is-layout-flow\" style=\"flex-basis:66.66%\">\n<p style=\"font-size:clamp(1.092rem, 1.092rem + ((1vw - 0.2rem) * 1.105), 1.7rem);\">Und auch Abseits von Markt und Trubel bieten Rittersleut und Wikinger Einblicke in die fast tausendj\u00e4hrige Geschichte des Mittelalters.<\/p>\n\n\n\n<p style=\"font-size:clamp(1.092rem, 1.092rem + ((1vw - 0.2rem) * 1.105), 1.7rem);\">Macht Euch bereit f\u00fcr den Zeitensprung und kommt herbei zum Mittelalterfest auf der Siersburg!<\/p>\n<\/div>\n<\/div>\n","protected":false},"excerpt":{"rendered":"<p>Ob Prinz, Prinzessin, Knappe oder Schildmaid, die Marktvogtin bietet f\u00fcr alle etwas! Das kleine Volk mag sich belustigen bei den schr\u00e4gen Gaukeleyen von Micha Mangiafuco (Sa 12:30 ; 14:30 ; 20:00 | So 12:00 ; 14:30 ; 16:30) und verzaubern lassen von den wahnwitzigen K\u00fcnsten des Magiers Kalibo (Sa 13:30 ; 15:30 ; 17:30 | [&hellip;]<\/p>\n","protected":false},"author":1,"featured_media":0,"parent":0,"menu_order":0,"comment_status":"closed","ping_status":"closed","template":"","meta":{"footnotes":""},"class_list":["post-305","page","type-page","status-publish","hentry"],"_links":{"self":[{"href":"https:\/\/www.mittelalter-siersburg.de\/index.php?rest_route=\/wp\/v2\/pages\/305","targetHints":{"allow":["GET"]}}],"collection":[{"href":"https:\/\/www.mittelalter-siersburg.de\/index.php?rest_route=\/wp\/v2\/pages"}],"about":[{"href":"https:\/\/www.mittelalter-siersburg.de\/index.php?rest_route=\/wp\/v2\/types\/page"}],"author":[{"embeddable":true,"href":"https:\/\/www.mittelalter-siersburg.de\/index.php?rest_route=\/wp\/v2\/users\/1"}],"replies":[{"embeddable":true,"href":"https:\/\/www.mittelalter-siersburg.de\/index.php?rest_route=%2Fwp%2Fv2%2Fcomments&post=305"}],"version-history":[{"count":12,"href":"https:\/\/www.mittelalter-siersburg.de\/index.php?rest_route=\/wp\/v2\/pages\/305\/revisions"}],"predecessor-version":[{"id":324,"href":"https:\/\/www.mittelalter-siersburg.de\/index.php?rest_route=\/wp\/v2\/pages\/305\/revisions\/324"}],"wp:attachment":[{"href":"https:\/\/www.mittelalter-siersburg.de\/index.php?rest_route=%2Fwp%2Fv2%2Fmedia&parent=305"}],"curies":[{"name":"wp","href":"https:\/\/api.w.org\/{rel}","templated":true}]}}