{"id":72,"date":"2023-06-27T08:37:09","date_gmt":"2023-06-27T06:37:09","guid":{"rendered":"https:\/\/mittelalter.kaleidoskopia.org\/?page_id=72"},"modified":"2024-07-01T17:10:02","modified_gmt":"2024-07-01T15:10:02","slug":"speis-trank","status":"publish","type":"page","link":"https:\/\/www.mittelalter-siersburg.de\/?page_id=72","title":{"rendered":"Speis &#038; Trank"},"content":{"rendered":"\n<div class=\"wp-block-columns is-layout-flex wp-container-core-columns-is-layout-28f84493 wp-block-columns-is-layout-flex\">\n<div class=\"wp-block-column is-layout-flow wp-block-column-is-layout-flow\" style=\"flex-basis:66.66%\">\n<p style=\"font-size:clamp(1.25rem, 1.25rem + ((1vw - 0.2rem) * 1.364), 2rem);\">Festlichkeiten ohne Speis &amp; Trank? So etwas wart noch nie gesehen, zumindest nicht in unseren Landen. Feinste K\u00f6stlichkeiten und erlesenes Ges\u00f6ffs wird kredenzt, auf dass wir bis in den Abend tanzen. Ja, Ihr werdet trefflich r\u00fclpsen und furzen, denn es wird Euch geschmacket haben!<\/p>\n<\/div>\n\n\n\n<div class=\"wp-block-column is-layout-flow wp-block-column-is-layout-flow\" style=\"flex-basis:33.33%\">\n<figure class=\"wp-block-image size-large\"><img loading=\"lazy\" decoding=\"async\" width=\"1024\" height=\"1024\" src=\"https:\/\/www.mittelalter-siersburg.de\/wp-content\/uploads\/2023\/06\/Trunkenbolde_2-1024x1024.png\" alt=\"\" class=\"wp-image-145\" srcset=\"https:\/\/www.mittelalter-siersburg.de\/wp-content\/uploads\/2023\/06\/Trunkenbolde_2-1024x1024.png 1024w, https:\/\/www.mittelalter-siersburg.de\/wp-content\/uploads\/2023\/06\/Trunkenbolde_2-300x300.png 300w, https:\/\/www.mittelalter-siersburg.de\/wp-content\/uploads\/2023\/06\/Trunkenbolde_2-150x150.png 150w, https:\/\/www.mittelalter-siersburg.de\/wp-content\/uploads\/2023\/06\/Trunkenbolde_2-768x768.png 768w, https:\/\/www.mittelalter-siersburg.de\/wp-content\/uploads\/2023\/06\/Trunkenbolde_2-1536x1536.png 1536w, https:\/\/www.mittelalter-siersburg.de\/wp-content\/uploads\/2023\/06\/Trunkenbolde_2.png 2000w\" sizes=\"auto, (max-width: 1024px) 100vw, 1024px\" \/><\/figure>\n<\/div>\n<\/div>\n\n\n\n<div class=\"wp-block-columns is-layout-flex wp-container-core-columns-is-layout-28f84493 wp-block-columns-is-layout-flex\">\n<div class=\"wp-block-column is-layout-flow wp-block-column-is-layout-flow\" style=\"flex-basis:33.33%\">\n<figure class=\"wp-block-image size-large\"><img loading=\"lazy\" decoding=\"async\" width=\"1024\" height=\"1024\" src=\"https:\/\/www.mittelalter-siersburg.de\/wp-content\/uploads\/2023\/06\/Kochen-1024x1024.png\" alt=\"\" class=\"wp-image-139\" srcset=\"https:\/\/www.mittelalter-siersburg.de\/wp-content\/uploads\/2023\/06\/Kochen-1024x1024.png 1024w, https:\/\/www.mittelalter-siersburg.de\/wp-content\/uploads\/2023\/06\/Kochen-300x300.png 300w, https:\/\/www.mittelalter-siersburg.de\/wp-content\/uploads\/2023\/06\/Kochen-150x150.png 150w, https:\/\/www.mittelalter-siersburg.de\/wp-content\/uploads\/2023\/06\/Kochen-768x768.png 768w, https:\/\/www.mittelalter-siersburg.de\/wp-content\/uploads\/2023\/06\/Kochen-1536x1536.png 1536w, https:\/\/www.mittelalter-siersburg.de\/wp-content\/uploads\/2023\/06\/Kochen.png 2000w\" sizes=\"auto, (max-width: 1024px) 100vw, 1024px\" \/><\/figure>\n<\/div>\n\n\n\n<div class=\"wp-block-column is-layout-flow wp-block-column-is-layout-flow\" style=\"flex-basis:66.66%\">\n<p style=\"font-size:clamp(1.25rem, 1.25rem + ((1vw - 0.2rem) * 1.364), 2rem);\">Oder um es mit den Worten unserer gallischen Nachbarn und Freunde zu sagen:<\/p>\n\n\n\n<p style=\"font-size:clamp(1.25rem, 1.25rem + ((1vw - 0.2rem) * 1.364), 2rem);\">Niemals sollte vergessen,<br>Appetit kommt beim Essen,<br>schlemmen ist f\u00fcr mich<br>erste B\u00fcrgerpflicht,<br>ohne Appetit, geht&#8217;s nicht.<\/p>\n<\/div>\n<\/div>\n\n\n\n<hr class=\"wp-block-separator has-alpha-channel-opacity\"\/>\n\n\n\n<p class=\"has-text-align-center has-x-large-font-size\">Cr\u00eaperie \u2b27 Cr\u00eapes, Veg. Pfannengem\u00fcse, K\u00e4sesp\u00e4tzle<\/p>\n\n\n\n<p class=\"has-text-align-center has-x-large-font-size\">Eist\u00fcrmchen \u2b27 Eisspezialit\u00e4ten<\/p>\n\n\n\n<p class=\"has-text-align-center has-x-large-font-size\">Es wa(h)r einmal \u2b27 Obst, Geb\u00e4ck &amp; Hummus<\/p>\n\n\n\n<p class=\"has-text-align-center has-x-large-font-size\">Feuerschwantaverne \u2b27 Kirsch- &amp; Butterbier, Met, Fleischbraterey<\/p>\n\n\n\n<p class=\"has-text-align-center has-x-large-font-size\">Mandelbrennerey \u2b27 N\u00fcsse, Mandeln, S\u00fc\u00dfes<\/p>\n\n\n\n<p class=\"has-text-align-center has-x-large-font-size\">Nomadenk\u00fcche \u2b27 Langos &amp; Baumstriezel<\/p>\n\n\n\n<p class=\"has-text-align-center has-x-large-font-size\">Taverne zur Siersburg \u2b27 Softdrinks &amp; Erlesene Weine<\/p>\n\n\n\n<p class=\"has-text-align-center has-x-large-font-size\">Veg. K\u00f6stlichkeiten \u2b27 Suppe, Salat &amp; Wraps<\/p>\n","protected":false},"excerpt":{"rendered":"<p>Festlichkeiten ohne Speis &amp; Trank? So etwas wart noch nie gesehen, zumindest nicht in unseren Landen. Feinste K\u00f6stlichkeiten und erlesenes Ges\u00f6ffs wird kredenzt, auf dass wir bis in den Abend tanzen. Ja, Ihr werdet trefflich r\u00fclpsen und furzen, denn es wird Euch geschmacket haben! Oder um es mit den Worten unserer gallischen Nachbarn und Freunde [&hellip;]<\/p>\n","protected":false},"author":1,"featured_media":0,"parent":0,"menu_order":0,"comment_status":"closed","ping_status":"closed","template":"","meta":{"footnotes":""},"class_list":["post-72","page","type-page","status-publish","hentry"],"_links":{"self":[{"href":"https:\/\/www.mittelalter-siersburg.de\/index.php?rest_route=\/wp\/v2\/pages\/72","targetHints":{"allow":["GET"]}}],"collection":[{"href":"https:\/\/www.mittelalter-siersburg.de\/index.php?rest_route=\/wp\/v2\/pages"}],"about":[{"href":"https:\/\/www.mittelalter-siersburg.de\/index.php?rest_route=\/wp\/v2\/types\/page"}],"author":[{"embeddable":true,"href":"https:\/\/www.mittelalter-siersburg.de\/index.php?rest_route=\/wp\/v2\/users\/1"}],"replies":[{"embeddable":true,"href":"https:\/\/www.mittelalter-siersburg.de\/index.php?rest_route=%2Fwp%2Fv2%2Fcomments&post=72"}],"version-history":[{"count":3,"href":"https:\/\/www.mittelalter-siersburg.de\/index.php?rest_route=\/wp\/v2\/pages\/72\/revisions"}],"predecessor-version":[{"id":300,"href":"https:\/\/www.mittelalter-siersburg.de\/index.php?rest_route=\/wp\/v2\/pages\/72\/revisions\/300"}],"wp:attachment":[{"href":"https:\/\/www.mittelalter-siersburg.de\/index.php?rest_route=%2Fwp%2Fv2%2Fmedia&parent=72"}],"curies":[{"name":"wp","href":"https:\/\/api.w.org\/{rel}","templated":true}]}}