{"id":74,"date":"2023-06-27T08:37:59","date_gmt":"2023-06-27T06:37:59","guid":{"rendered":"https:\/\/mittelalter.kaleidoskopia.org\/?page_id=74"},"modified":"2024-07-03T12:24:58","modified_gmt":"2024-07-03T10:24:58","slug":"schalmeienklang","status":"publish","type":"page","link":"https:\/\/www.mittelalter-siersburg.de\/?page_id=74","title":{"rendered":"Kl\u00e4nge &#038; Ges\u00e4nge"},"content":{"rendered":"\n<p class=\"has-large-font-size\">Seine Durchlaucht l\u00e4sst aufspielen und sich bei der Musik nicht narren. Seid daher dabei, wenn die unbeugsamen W\u00f6lfe aus dem fernen Herzogtum \u00d6sterreich ihre Trommeln den Rythmus geben lassen, die Hofmusikanten des Leibhaftigen aus den Untiefen springen und weitere Spielleute allerlei Schabernack treiben.<\/p>\n\n\n\n<div class=\"wp-block-columns is-layout-flex wp-container-core-columns-is-layout-28f84493 wp-block-columns-is-layout-flex\">\n<div class=\"wp-block-column is-layout-flow wp-block-column-is-layout-flow\" style=\"flex-basis:33.33%\">\n<figure class=\"wp-block-image size-large\"><a href=\"https:\/\/www.amarokavari.com\/\"><img loading=\"lazy\" decoding=\"async\" width=\"1024\" height=\"1024\" src=\"https:\/\/www.mittelalter-siersburg.de\/wp-content\/uploads\/2023\/06\/Amarok-Avari-1024x1024.png\" alt=\"\" class=\"wp-image-115\" srcset=\"https:\/\/www.mittelalter-siersburg.de\/wp-content\/uploads\/2023\/06\/Amarok-Avari-1024x1024.png 1024w, https:\/\/www.mittelalter-siersburg.de\/wp-content\/uploads\/2023\/06\/Amarok-Avari-300x300.png 300w, https:\/\/www.mittelalter-siersburg.de\/wp-content\/uploads\/2023\/06\/Amarok-Avari-150x150.png 150w, https:\/\/www.mittelalter-siersburg.de\/wp-content\/uploads\/2023\/06\/Amarok-Avari-768x768.png 768w, https:\/\/www.mittelalter-siersburg.de\/wp-content\/uploads\/2023\/06\/Amarok-Avari.png 1080w\" sizes=\"auto, (max-width: 1024px) 100vw, 1024px\" \/><\/a><\/figure>\n<\/div>\n\n\n\n<div class=\"wp-block-column is-layout-flow wp-block-column-is-layout-flow\" style=\"flex-basis:66.66%\">\n<div style=\"height:75px\" aria-hidden=\"true\" class=\"wp-block-spacer\"><\/div>\n\n\n\n<div class=\"wp-block-group is-content-justification-center is-nowrap is-layout-flex wp-container-core-group-is-layout-23441af8 wp-block-group-is-layout-flex\">\n<p class=\"has-text-align-center\" style=\"font-size:clamp(3.037rem, 3.037rem + ((1vw - 0.2rem) * 5.387), 6rem);\">Amarok Avari<\/p>\n<\/div>\n<\/div>\n<\/div>\n\n\n\n<div class=\"wp-block-columns is-layout-flex wp-container-core-columns-is-layout-28f84493 wp-block-columns-is-layout-flex\">\n<div class=\"wp-block-column is-layout-flow wp-block-column-is-layout-flow\" style=\"flex-basis:66.66%\">\n<div style=\"height:75px\" aria-hidden=\"true\" class=\"wp-block-spacer\"><\/div>\n\n\n\n<p class=\"has-text-align-center\" style=\"font-size:clamp(3.037rem, 3.037rem + ((1vw - 0.2rem) * 5.387), 6rem);\">Spilldeyvel<\/p>\n<\/div>\n\n\n\n<div class=\"wp-block-column is-layout-flow wp-block-column-is-layout-flow\" style=\"flex-basis:33.33%\">\n<figure class=\"wp-block-image is-style-default wp-duotone-unset-1\"><a href=\"https:\/\/www.spilldeyvel.de\/\"><img loading=\"lazy\" decoding=\"async\" width=\"478\" height=\"522\" src=\"https:\/\/www.mittelalter-siersburg.de\/wp-content\/uploads\/2023\/06\/Spilldeyvel-Logo.png\" alt=\"\" class=\"wp-image-117\" srcset=\"https:\/\/www.mittelalter-siersburg.de\/wp-content\/uploads\/2023\/06\/Spilldeyvel-Logo.png 478w, https:\/\/www.mittelalter-siersburg.de\/wp-content\/uploads\/2023\/06\/Spilldeyvel-Logo-275x300.png 275w\" sizes=\"auto, (max-width: 478px) 100vw, 478px\" \/><\/a><\/figure>\n<\/div>\n<\/div>\n\n\n\n<div class=\"wp-block-group is-content-justification-center is-nowrap is-layout-flex wp-container-core-group-is-layout-23441af8 wp-block-group-is-layout-flex\">\n<figure class=\"wp-block-image size-full is-resized\"><img loading=\"lazy\" decoding=\"async\" width=\"577\" height=\"432\" src=\"https:\/\/www.mittelalter-siersburg.de\/wp-content\/uploads\/2024\/07\/Schabernack-Logo.png\" alt=\"\" class=\"wp-image-245\" style=\"width:750px\" srcset=\"https:\/\/www.mittelalter-siersburg.de\/wp-content\/uploads\/2024\/07\/Schabernack-Logo.png 577w, https:\/\/www.mittelalter-siersburg.de\/wp-content\/uploads\/2024\/07\/Schabernack-Logo-300x225.png 300w\" sizes=\"auto, (max-width: 577px) 100vw, 577px\" \/><\/figure>\n<\/div>\n","protected":false},"excerpt":{"rendered":"<p>Seine Durchlaucht l\u00e4sst aufspielen und sich bei der Musik nicht narren. Seid daher dabei, wenn die unbeugsamen W\u00f6lfe aus dem fernen Herzogtum \u00d6sterreich ihre Trommeln den Rythmus geben lassen, die Hofmusikanten des Leibhaftigen aus den Untiefen springen und weitere Spielleute allerlei Schabernack treiben. Amarok Avari Spilldeyvel<\/p>\n","protected":false},"author":1,"featured_media":0,"parent":0,"menu_order":0,"comment_status":"closed","ping_status":"closed","template":"","meta":{"footnotes":""},"class_list":["post-74","page","type-page","status-publish","hentry"],"_links":{"self":[{"href":"https:\/\/www.mittelalter-siersburg.de\/index.php?rest_route=\/wp\/v2\/pages\/74","targetHints":{"allow":["GET"]}}],"collection":[{"href":"https:\/\/www.mittelalter-siersburg.de\/index.php?rest_route=\/wp\/v2\/pages"}],"about":[{"href":"https:\/\/www.mittelalter-siersburg.de\/index.php?rest_route=\/wp\/v2\/types\/page"}],"author":[{"embeddable":true,"href":"https:\/\/www.mittelalter-siersburg.de\/index.php?rest_route=\/wp\/v2\/users\/1"}],"replies":[{"embeddable":true,"href":"https:\/\/www.mittelalter-siersburg.de\/index.php?rest_route=%2Fwp%2Fv2%2Fcomments&post=74"}],"version-history":[{"count":19,"href":"https:\/\/www.mittelalter-siersburg.de\/index.php?rest_route=\/wp\/v2\/pages\/74\/revisions"}],"predecessor-version":[{"id":359,"href":"https:\/\/www.mittelalter-siersburg.de\/index.php?rest_route=\/wp\/v2\/pages\/74\/revisions\/359"}],"wp:attachment":[{"href":"https:\/\/www.mittelalter-siersburg.de\/index.php?rest_route=%2Fwp%2Fv2%2Fmedia&parent=74"}],"curies":[{"name":"wp","href":"https:\/\/api.w.org\/{rel}","templated":true}]}}