{"id":87,"date":"2023-06-27T20:44:19","date_gmt":"2023-06-27T18:44:19","guid":{"rendered":"https:\/\/mittelalter.kaleidoskopia.org\/?page_id=87"},"modified":"2024-07-02T16:03:18","modified_gmt":"2024-07-02T14:03:18","slug":"mittelalterspektakel-2023","status":"publish","type":"page","link":"https:\/\/www.mittelalter-siersburg.de\/?page_id=87","title":{"rendered":"Mittelalterspektakel"},"content":{"rendered":"\n<div class=\"wp-block-columns is-layout-flex wp-container-core-columns-is-layout-28f84493 wp-block-columns-is-layout-flex\">\n<div class=\"wp-block-column is-layout-flow wp-block-column-is-layout-flow\">\n<figure class=\"wp-block-image aligncenter size-full is-resized\"><a href=\"https:\/\/www.mittelalter-siersburg.de\/?page_id=70\"><img decoding=\"async\" src=\"https:\/\/www.mittelalter-siersburg.de\/wp-content\/uploads\/2023\/02\/Bunny_2.png\" alt=\"\" class=\"wp-image-16\" style=\"width:397px;height:492px\"\/><\/a><\/figure>\n\n\n\n<p class=\"has-text-align-center has-large-font-size\"><strong>Handelsvolk &amp; Buckelkr\u00e4mer<\/strong><\/p>\n<\/div>\n\n\n\n<div class=\"wp-block-column is-layout-flow wp-block-column-is-layout-flow\">\n<figure class=\"wp-block-image aligncenter size-large\"><a href=\"https:\/\/www.mittelalter-siersburg.de\/?page_id=76\"><img loading=\"lazy\" decoding=\"async\" width=\"1024\" height=\"1024\" src=\"https:\/\/www.mittelalter-siersburg.de\/wp-content\/uploads\/2023\/06\/Pupstrompete_2-1024x1024.png\" alt=\"\" class=\"wp-image-143\" srcset=\"https:\/\/www.mittelalter-siersburg.de\/wp-content\/uploads\/2023\/06\/Pupstrompete_2-1024x1024.png 1024w, https:\/\/www.mittelalter-siersburg.de\/wp-content\/uploads\/2023\/06\/Pupstrompete_2-300x300.png 300w, https:\/\/www.mittelalter-siersburg.de\/wp-content\/uploads\/2023\/06\/Pupstrompete_2-150x150.png 150w, https:\/\/www.mittelalter-siersburg.de\/wp-content\/uploads\/2023\/06\/Pupstrompete_2-768x768.png 768w, https:\/\/www.mittelalter-siersburg.de\/wp-content\/uploads\/2023\/06\/Pupstrompete_2-1536x1536.png 1536w, https:\/\/www.mittelalter-siersburg.de\/wp-content\/uploads\/2023\/06\/Pupstrompete_2.png 2000w\" sizes=\"auto, (max-width: 1024px) 100vw, 1024px\" \/><\/a><\/figure>\n\n\n\n<p class=\"has-text-align-center has-large-font-size\">Gaukeley &amp; Firlefanz<\/p>\n<\/div>\n<\/div>\n\n\n\n<hr class=\"wp-block-separator has-alpha-channel-opacity is-style-wide\"\/>\n\n\n\n<div class=\"wp-block-columns is-layout-flex wp-container-core-columns-is-layout-28f84493 wp-block-columns-is-layout-flex\">\n<div class=\"wp-block-column is-layout-flow wp-block-column-is-layout-flow\">\n<figure class=\"wp-block-image size-large\"><a href=\"https:\/\/www.mittelalter-siersburg.de\/?page_id=74\"><img loading=\"lazy\" decoding=\"async\" width=\"1024\" height=\"1024\" src=\"https:\/\/www.mittelalter-siersburg.de\/wp-content\/uploads\/2023\/06\/Pupstrompete_1-1-1024x1024.png\" alt=\"\" class=\"wp-image-173\" srcset=\"https:\/\/www.mittelalter-siersburg.de\/wp-content\/uploads\/2023\/06\/Pupstrompete_1-1-1024x1024.png 1024w, https:\/\/www.mittelalter-siersburg.de\/wp-content\/uploads\/2023\/06\/Pupstrompete_1-1-300x300.png 300w, https:\/\/www.mittelalter-siersburg.de\/wp-content\/uploads\/2023\/06\/Pupstrompete_1-1-150x150.png 150w, https:\/\/www.mittelalter-siersburg.de\/wp-content\/uploads\/2023\/06\/Pupstrompete_1-1-768x768.png 768w, https:\/\/www.mittelalter-siersburg.de\/wp-content\/uploads\/2023\/06\/Pupstrompete_1-1-1536x1536.png 1536w, https:\/\/www.mittelalter-siersburg.de\/wp-content\/uploads\/2023\/06\/Pupstrompete_1-1.png 2000w\" sizes=\"auto, (max-width: 1024px) 100vw, 1024px\" \/><\/a><\/figure>\n<\/div>\n\n\n\n<div class=\"wp-block-column is-layout-flow wp-block-column-is-layout-flow\">\n<figure class=\"wp-block-image size-large\"><a href=\"https:\/\/www.mittelalter-siersburg.de\/?page_id=72\"><img loading=\"lazy\" decoding=\"async\" width=\"1024\" height=\"1024\" src=\"https:\/\/www.mittelalter-siersburg.de\/wp-content\/uploads\/2023\/06\/Trunkenbolde_2-1024x1024.png\" alt=\"\" class=\"wp-image-145\" srcset=\"https:\/\/www.mittelalter-siersburg.de\/wp-content\/uploads\/2023\/06\/Trunkenbolde_2-1024x1024.png 1024w, https:\/\/www.mittelalter-siersburg.de\/wp-content\/uploads\/2023\/06\/Trunkenbolde_2-300x300.png 300w, https:\/\/www.mittelalter-siersburg.de\/wp-content\/uploads\/2023\/06\/Trunkenbolde_2-150x150.png 150w, https:\/\/www.mittelalter-siersburg.de\/wp-content\/uploads\/2023\/06\/Trunkenbolde_2-768x768.png 768w, https:\/\/www.mittelalter-siersburg.de\/wp-content\/uploads\/2023\/06\/Trunkenbolde_2-1536x1536.png 1536w, https:\/\/www.mittelalter-siersburg.de\/wp-content\/uploads\/2023\/06\/Trunkenbolde_2.png 2000w\" sizes=\"auto, (max-width: 1024px) 100vw, 1024px\" \/><\/a><\/figure>\n<\/div>\n<\/div>\n\n\n\n<div class=\"wp-block-columns is-layout-flex wp-container-core-columns-is-layout-28f84493 wp-block-columns-is-layout-flex\">\n<div class=\"wp-block-column is-layout-flow wp-block-column-is-layout-flow\">\n<p class=\"has-text-align-center has-large-font-size\"><strong>Kl\u00e4nge &amp; Ges\u00e4nge<\/strong><\/p>\n<\/div>\n\n\n\n<div class=\"wp-block-column is-layout-flow wp-block-column-is-layout-flow\">\n<p class=\"has-text-align-center has-large-font-size\"><strong>Speis &amp; Trank<\/strong><\/p>\n<\/div>\n<\/div>\n\n\n\n<hr class=\"wp-block-separator has-alpha-channel-opacity\"\/>\n\n\n\n<div class=\"wp-block-columns is-layout-flex wp-container-core-columns-is-layout-28f84493 wp-block-columns-is-layout-flex\">\n<div class=\"wp-block-column is-layout-flow wp-block-column-is-layout-flow\"><\/div>\n\n\n\n<div class=\"wp-block-column is-layout-flow wp-block-column-is-layout-flow\">\n<figure class=\"wp-block-image aligncenter size-full\"><a href=\"https:\/\/www.mittelalter-siersburg.de\/?page_id=78\"><img loading=\"lazy\" decoding=\"async\" width=\"2000\" height=\"2000\" src=\"https:\/\/www.mittelalter-siersburg.de\/wp-content\/uploads\/2024\/07\/Kungfu_Ritter_24.png\" alt=\"\" class=\"wp-image-288\" style=\"aspect-ratio:9\/16;object-fit:cover\" srcset=\"https:\/\/www.mittelalter-siersburg.de\/wp-content\/uploads\/2024\/07\/Kungfu_Ritter_24.png 2000w, https:\/\/www.mittelalter-siersburg.de\/wp-content\/uploads\/2024\/07\/Kungfu_Ritter_24-300x300.png 300w, https:\/\/www.mittelalter-siersburg.de\/wp-content\/uploads\/2024\/07\/Kungfu_Ritter_24-1024x1024.png 1024w, https:\/\/www.mittelalter-siersburg.de\/wp-content\/uploads\/2024\/07\/Kungfu_Ritter_24-150x150.png 150w, https:\/\/www.mittelalter-siersburg.de\/wp-content\/uploads\/2024\/07\/Kungfu_Ritter_24-768x768.png 768w, https:\/\/www.mittelalter-siersburg.de\/wp-content\/uploads\/2024\/07\/Kungfu_Ritter_24-1536x1536.png 1536w\" sizes=\"auto, (max-width: 2000px) 100vw, 2000px\" \/><\/a><\/figure>\n<\/div>\n\n\n\n<div class=\"wp-block-column is-layout-flow wp-block-column-is-layout-flow\"><\/div>\n<\/div>\n\n\n\n<div class=\"wp-block-columns is-layout-flex wp-container-core-columns-is-layout-28f84493 wp-block-columns-is-layout-flex\">\n<div class=\"wp-block-column is-layout-flow wp-block-column-is-layout-flow\"><\/div>\n\n\n\n<div class=\"wp-block-column is-layout-flow wp-block-column-is-layout-flow\">\n<p class=\"has-text-align-center has-large-font-size\"><strong>Lagerleut<\/strong><\/p>\n<\/div>\n\n\n\n<div class=\"wp-block-column is-layout-flow wp-block-column-is-layout-flow\"><\/div>\n<\/div>\n","protected":false},"excerpt":{"rendered":"<p>Handelsvolk &amp; Buckelkr\u00e4mer Gaukeley &amp; Firlefanz Kl\u00e4nge &amp; Ges\u00e4nge Speis &amp; Trank Lagerleut<\/p>\n","protected":false},"author":1,"featured_media":0,"parent":0,"menu_order":0,"comment_status":"closed","ping_status":"closed","template":"","meta":{"footnotes":""},"class_list":["post-87","page","type-page","status-publish","hentry"],"_links":{"self":[{"href":"https:\/\/www.mittelalter-siersburg.de\/index.php?rest_route=\/wp\/v2\/pages\/87","targetHints":{"allow":["GET"]}}],"collection":[{"href":"https:\/\/www.mittelalter-siersburg.de\/index.php?rest_route=\/wp\/v2\/pages"}],"about":[{"href":"https:\/\/www.mittelalter-siersburg.de\/index.php?rest_route=\/wp\/v2\/types\/page"}],"author":[{"embeddable":true,"href":"https:\/\/www.mittelalter-siersburg.de\/index.php?rest_route=\/wp\/v2\/users\/1"}],"replies":[{"embeddable":true,"href":"https:\/\/www.mittelalter-siersburg.de\/index.php?rest_route=%2Fwp%2Fv2%2Fcomments&post=87"}],"version-history":[{"count":10,"href":"https:\/\/www.mittelalter-siersburg.de\/index.php?rest_route=\/wp\/v2\/pages\/87\/revisions"}],"predecessor-version":[{"id":352,"href":"https:\/\/www.mittelalter-siersburg.de\/index.php?rest_route=\/wp\/v2\/pages\/87\/revisions\/352"}],"wp:attachment":[{"href":"https:\/\/www.mittelalter-siersburg.de\/index.php?rest_route=%2Fwp%2Fv2%2Fmedia&parent=87"}],"curies":[{"name":"wp","href":"https:\/\/api.w.org\/{rel}","templated":true}]}}